{"id":535,"date":"2013-10-15T19:43:36","date_gmt":"2013-10-15T19:43:36","guid":{"rendered":"http:\/\/www.carlkohl.nl\/?page_id=535"},"modified":"2013-10-15T22:37:48","modified_gmt":"2013-10-15T22:37:48","slug":"waarom","status":"publish","type":"page","link":"https:\/\/www.carlkohl.nl\/?page_id=535","title":{"rendered":"Waarom"},"content":{"rendered":"<p>WAAROM KOHL THEATERTECHNIEK?<\/p>\n<p>&nbsp;<\/p>\n<ul>\n<li><strong>Gemak<\/strong>: \u00a0\u00c9\u00e9n aanspreekpunt voor techniek en decoratie, dus \u00e9\u00e9n offerte en de\u00a0 garantie dat techniek en decor elkaar niet in de weg zitten.\u00a0 Qua techniek zullen wij de opdrachtgever niet lastigvallen met onnodige technische verhalen.<\/li>\n<\/ul>\n<ul>\n<li><strong>Duidelijkheid<\/strong>: We werken desgewenst met <a href=\"http:\/\/www.carlkohl.nl\/?page_id=550\" target=\"_blank\">3d impressies (google sketch up)<\/a>.\u00a0 Zo\u2019n impressie praat een stuk makkelijker dan een standaard \u00a0tweedimensionale\u00a0 plattegrond.\u00a0 We werken ook met standaard setjes met (indicatie-) prijzen tbv bijvoorbeeld congressen. Van deze <a href=\"http:\/\/www.carlkohl.nl\/?page_id=640\" target=\"_blank\">podiumopstellingen<\/a> kan natuurlijk naar hartenlust afgeweken worden.<\/li>\n<\/ul>\n<ul>\n<li><strong>Flexibel<\/strong>: Wij zijn niet gebonden aan een meubellijn of een verhuurder. Continue zijn wij op zoek naar nieuwe meubellijnen. Verder werken wij veelal met theatertechnici en decorateurs uit de museumwereld die niet alleen gewend zijn om voortdurend het resultaat van hun handelen te beoordelen en eventueel aan te passen, maar ook om\u00a0 op het laatste moment nog snel wat te improviseren.<\/li>\n<\/ul>\n<ul>\n<li><strong>Creatief en gedreven<\/strong>:\u00a0 We doen dit omdat wij mooie dingen willen maken. Het doel moet de middelen bepalen en niet andersom.<\/li>\n<\/ul>\n<ul>\n<li><strong>Ook kleine opdrachten<\/strong>: Wij hebben geen problemen met kleine opdrachten. Ook voor het neerzetten van twee lampen op statief zetten wij ons volledig in.<\/li>\n<\/ul>\n<p>&nbsp;<\/p>\n<p>&nbsp;<\/p>\n<p>Eerdere opdrachtgevers waren onder meer:<\/p>\n<ul>\n<li>theatergroep Carver<\/li>\n<li>Cobramuseum<\/li>\n<li>Compagnie Theater<\/li>\n<li>CREA<\/li>\n<li>Felix Meritis<\/li>\n<li>Hill Knowlton<\/li>\n<li>Hogeschool van Amsterdam<\/li>\n<li>Hooshtheater<\/li>\n<li>Indigo Jazz<\/li>\n<li>Mark van de Veerdonk<\/li>\n<li>Moba<\/li>\n<li>Openbare bibliotheek Zuid-Oost<\/li>\n<li>Publicis<\/li>\n<li>Queens English Theatre Company<\/li>\n<li>Tom de Kok teachings<\/li>\n<li>Universiteit van Amsterdam<\/li>\n<li>Universum (USC)<\/li>\n<li>YASK<\/li>\n<\/ul>\n<p>&nbsp;<\/p>\n","protected":false},"excerpt":{"rendered":"<p>WAAROM KOHL THEATERTECHNIEK? &nbsp; Gemak: \u00a0\u00c9\u00e9n aanspreekpunt voor techniek en decoratie, dus \u00e9\u00e9n offerte en de\u00a0 garantie dat techniek en decor elkaar niet in de weg zitten.\u00a0 Qua techniek zullen wij de opdrachtgever niet lastigvallen met onnodige technische verhalen. Duidelijkheid: We werken desgewenst met 3d impressies (google sketch up).\u00a0 Zo\u2019n impressie praat een stuk makkelijker [&hellip;]<\/p>\n","protected":false},"author":1,"featured_media":0,"parent":0,"menu_order":0,"comment_status":"open","ping_status":"open","template":"","meta":[],"_links":{"self":[{"href":"https:\/\/www.carlkohl.nl\/index.php?rest_route=\/wp\/v2\/pages\/535"}],"collection":[{"href":"https:\/\/www.carlkohl.nl\/index.php?rest_route=\/wp\/v2\/pages"}],"about":[{"href":"https:\/\/www.carlkohl.nl\/index.php?rest_route=\/wp\/v2\/types\/page"}],"author":[{"embeddable":true,"href":"https:\/\/www.carlkohl.nl\/index.php?rest_route=\/wp\/v2\/users\/1"}],"replies":[{"embeddable":true,"href":"https:\/\/www.carlkohl.nl\/index.php?rest_route=%2Fwp%2Fv2%2Fcomments&post=535"}],"version-history":[{"count":11,"href":"https:\/\/www.carlkohl.nl\/index.php?rest_route=\/wp\/v2\/pages\/535\/revisions"}],"predecessor-version":[{"id":545,"href":"https:\/\/www.carlkohl.nl\/index.php?rest_route=\/wp\/v2\/pages\/535\/revisions\/545"}],"wp:attachment":[{"href":"https:\/\/www.carlkohl.nl\/index.php?rest_route=%2Fwp%2Fv2%2Fmedia&parent=535"}],"curies":[{"name":"wp","href":"https:\/\/api.w.org\/{rel}","templated":true}]}}